{"id":23,"date":"2022-01-02T17:43:17","date_gmt":"2022-01-02T16:43:17","guid":{"rendered":"http:\/\/choc-poker.fr\/?page_id=23"},"modified":"2024-08-31T22:24:25","modified_gmt":"2024-08-31T20:24:25","slug":"ma-nouvelle-page","status":"publish","type":"page","link":"https:\/\/choc-poker.fr\/index.php\/ma-nouvelle-page\/","title":{"rendered":"Le Club"},"content":{"rendered":"\n<p><\/p>\n\n\n\n<figure class=\"wp-block-image size-large\"><img loading=\"lazy\" decoding=\"async\" width=\"1024\" height=\"768\" src=\"http:\/\/choc-poker.fr\/wp-content\/uploads\/2024\/08\/received_962286965396255-1024x768.jpeg\" alt=\"\" class=\"wp-image-774\" srcset=\"https:\/\/choc-poker.fr\/wp-content\/uploads\/2024\/08\/received_962286965396255-1024x768.jpeg 1024w, https:\/\/choc-poker.fr\/wp-content\/uploads\/2024\/08\/received_962286965396255-300x225.jpeg 300w, https:\/\/choc-poker.fr\/wp-content\/uploads\/2024\/08\/received_962286965396255-768x576.jpeg 768w, https:\/\/choc-poker.fr\/wp-content\/uploads\/2024\/08\/received_962286965396255-1536x1152.jpeg 1536w, https:\/\/choc-poker.fr\/wp-content\/uploads\/2024\/08\/received_962286965396255-2048x1536.jpeg 2048w\" sizes=\"auto, (max-width: 1024px) 100vw, 1024px\" \/><\/figure>\n\n\n\n<p>FIESTA juin 2024<\/p>\n\n\n\n<p><\/p>\n\n\n\n<figure class=\"wp-block-image size-full\"><img loading=\"lazy\" decoding=\"async\" width=\"776\" height=\"549\" src=\"http:\/\/choc-poker.fr\/wp-content\/uploads\/2022\/03\/cnec-s13-m4.jpg\" alt=\"\" class=\"wp-image-363\" srcset=\"https:\/\/choc-poker.fr\/wp-content\/uploads\/2022\/03\/cnec-s13-m4.jpg 776w, https:\/\/choc-poker.fr\/wp-content\/uploads\/2022\/03\/cnec-s13-m4-300x212.jpg 300w, https:\/\/choc-poker.fr\/wp-content\/uploads\/2022\/03\/cnec-s13-m4-768x543.jpg 768w\" sizes=\"auto, (max-width: 776px) 100vw, 776px\" \/><figcaption class=\"wp-element-caption\">CNEC 2021-2022 Manche 4<\/figcaption><\/figure>\n\n\n\n<p><\/p>\n\n\n\n<figure class=\"wp-block-image size-large\"><img loading=\"lazy\" decoding=\"async\" width=\"1024\" height=\"577\" src=\"http:\/\/choc-poker.fr\/wp-content\/uploads\/2022\/01\/cnec-s13-m3-1024x577.jpg\" alt=\"\" class=\"wp-image-273\" srcset=\"https:\/\/choc-poker.fr\/wp-content\/uploads\/2022\/01\/cnec-s13-m3-1024x577.jpg 1024w, https:\/\/choc-poker.fr\/wp-content\/uploads\/2022\/01\/cnec-s13-m3-300x169.jpg 300w, https:\/\/choc-poker.fr\/wp-content\/uploads\/2022\/01\/cnec-s13-m3-768x432.jpg 768w, https:\/\/choc-poker.fr\/wp-content\/uploads\/2022\/01\/cnec-s13-m3-1536x865.jpg 1536w, https:\/\/choc-poker.fr\/wp-content\/uploads\/2022\/01\/cnec-s13-m3-2048x1153.jpg 2048w\" sizes=\"auto, (max-width: 1024px) 100vw, 1024px\" \/><figcaption class=\"wp-element-caption\">CNEC 2021-2022 Manche 3<\/figcaption><\/figure>\n\n\n\n<p><\/p>\n\n\n\n<figure class=\"wp-block-image size-full\"><img loading=\"lazy\" decoding=\"async\" width=\"945\" height=\"945\" src=\"http:\/\/choc-poker.fr\/wp-content\/uploads\/2022\/01\/CNEC-S13-M2.jpeg\" alt=\"\" class=\"wp-image-256\" srcset=\"https:\/\/choc-poker.fr\/wp-content\/uploads\/2022\/01\/CNEC-S13-M2.jpeg 945w, https:\/\/choc-poker.fr\/wp-content\/uploads\/2022\/01\/CNEC-S13-M2-300x300.jpeg 300w, https:\/\/choc-poker.fr\/wp-content\/uploads\/2022\/01\/CNEC-S13-M2-150x150.jpeg 150w, https:\/\/choc-poker.fr\/wp-content\/uploads\/2022\/01\/CNEC-S13-M2-768x768.jpeg 768w\" sizes=\"auto, (max-width: 945px) 100vw, 945px\" \/><figcaption class=\"wp-element-caption\">CNEC 2021-2022 Manche 2<\/figcaption><\/figure>\n\n\n\n<p><\/p>\n\n\n\n<figure class=\"wp-block-image size-large\"><img loading=\"lazy\" decoding=\"async\" width=\"1024\" height=\"768\" src=\"http:\/\/choc-poker.fr\/wp-content\/uploads\/2022\/01\/Telethon-1024x768.jpg\" alt=\"\" class=\"wp-image-261\" srcset=\"https:\/\/choc-poker.fr\/wp-content\/uploads\/2022\/01\/Telethon-1024x768.jpg 1024w, https:\/\/choc-poker.fr\/wp-content\/uploads\/2022\/01\/Telethon-300x225.jpg 300w, https:\/\/choc-poker.fr\/wp-content\/uploads\/2022\/01\/Telethon-768x576.jpg 768w, https:\/\/choc-poker.fr\/wp-content\/uploads\/2022\/01\/Telethon-1536x1152.jpg 1536w, https:\/\/choc-poker.fr\/wp-content\/uploads\/2022\/01\/Telethon.jpg 2048w\" sizes=\"auto, (max-width: 1024px) 100vw, 1024px\" \/><figcaption class=\"wp-element-caption\">T\u00e9l\u00e9thon 2021 &#8211; Table finale (masques retir\u00e9s pour la photo uniquement)<\/figcaption><\/figure>\n\n\n\n<p><\/p>\n\n\n\n<figure class=\"wp-block-image size-large\"><img loading=\"lazy\" decoding=\"async\" width=\"1278\" height=\"720\" src=\"http:\/\/choc-poker.fr\/wp-content\/uploads\/2022\/01\/CNEC-S13-M1-edited-1.jpg\" alt=\"\" class=\"wp-image-254\" srcset=\"https:\/\/choc-poker.fr\/wp-content\/uploads\/2022\/01\/CNEC-S13-M1-edited-1.jpg 1278w, https:\/\/choc-poker.fr\/wp-content\/uploads\/2022\/01\/CNEC-S13-M1-edited-1-300x169.jpg 300w, https:\/\/choc-poker.fr\/wp-content\/uploads\/2022\/01\/CNEC-S13-M1-edited-1-1024x577.jpg 1024w, https:\/\/choc-poker.fr\/wp-content\/uploads\/2022\/01\/CNEC-S13-M1-edited-1-768x433.jpg 768w\" sizes=\"auto, (max-width: 1278px) 100vw, 1278px\" \/><figcaption class=\"wp-element-caption\">CNEC 2021-2022 Manche 1 \u00e0 Nice<\/figcaption><\/figure>\n\n\n\n<p><\/p>\n","protected":false},"excerpt":{"rendered":"<p>FIESTA juin 2024<\/p>\n","protected":false},"author":1,"featured_media":0,"parent":0,"menu_order":0,"comment_status":"closed","ping_status":"closed","template":"","meta":{"site-sidebar-layout":"default","site-content-layout":"","ast-site-content-layout":"default","site-content-style":"default","site-sidebar-style":"default","ast-global-header-display":"","ast-banner-title-visibility":"","ast-main-header-display":"","ast-hfb-above-header-display":"","ast-hfb-below-header-display":"","ast-hfb-mobile-header-display":"","site-post-title":"","ast-breadcrumbs-content":"","ast-featured-img":"","footer-sml-layout":"","theme-transparent-header-meta":"","adv-header-id-meta":"","stick-header-meta":"","header-above-stick-meta":"","header-main-stick-meta":"","header-below-stick-meta":"","astra-migrate-meta-layouts":"set","ast-page-background-enabled":"default","ast-page-background-meta":{"desktop":{"background-color":"var(--ast-global-color-4)","background-image":"","background-repeat":"repeat","background-position":"center center","background-size":"auto","background-attachment":"scroll","background-type":"","background-media":"","overlay-type":"","overlay-color":"","overlay-gradient":""},"tablet":{"background-color":"","background-image":"","background-repeat":"repeat","background-position":"center center","background-size":"auto","background-attachment":"scroll","background-type":"","background-media":"","overlay-type":"","overlay-color":"","overlay-gradient":""},"mobile":{"background-color":"","background-image":"","background-repeat":"repeat","background-position":"center center","background-size":"auto","background-attachment":"scroll","background-type":"","background-media":"","overlay-type":"","overlay-color":"","overlay-gradient":""}},"ast-content-background-meta":{"desktop":{"background-color":"var(--ast-global-color-5)","background-image":"","background-repeat":"repeat","background-position":"center center","background-size":"auto","background-attachment":"scroll","background-type":"","background-media":"","overlay-type":"","overlay-color":"","overlay-gradient":""},"tablet":{"background-color":"var(--ast-global-color-5)","background-image":"","background-repeat":"repeat","background-position":"center center","background-size":"auto","background-attachment":"scroll","background-type":"","background-media":"","overlay-type":"","overlay-color":"","overlay-gradient":""},"mobile":{"background-color":"var(--ast-global-color-5)","background-image":"","background-repeat":"repeat","background-position":"center center","background-size":"auto","background-attachment":"scroll","background-type":"","background-media":"","overlay-type":"","overlay-color":"","overlay-gradient":""}},"footnotes":""},"class_list":["post-23","page","type-page","status-publish","hentry"],"_links":{"self":[{"href":"https:\/\/choc-poker.fr\/index.php\/wp-json\/wp\/v2\/pages\/23","targetHints":{"allow":["GET"]}}],"collection":[{"href":"https:\/\/choc-poker.fr\/index.php\/wp-json\/wp\/v2\/pages"}],"about":[{"href":"https:\/\/choc-poker.fr\/index.php\/wp-json\/wp\/v2\/types\/page"}],"author":[{"embeddable":true,"href":"https:\/\/choc-poker.fr\/index.php\/wp-json\/wp\/v2\/users\/1"}],"replies":[{"embeddable":true,"href":"https:\/\/choc-poker.fr\/index.php\/wp-json\/wp\/v2\/comments?post=23"}],"version-history":[{"count":12,"href":"https:\/\/choc-poker.fr\/index.php\/wp-json\/wp\/v2\/pages\/23\/revisions"}],"predecessor-version":[{"id":775,"href":"https:\/\/choc-poker.fr\/index.php\/wp-json\/wp\/v2\/pages\/23\/revisions\/775"}],"wp:attachment":[{"href":"https:\/\/choc-poker.fr\/index.php\/wp-json\/wp\/v2\/media?parent=23"}],"curies":[{"name":"wp","href":"https:\/\/api.w.org\/{rel}","templated":true}]}}